{"id":12383,"date":"2025-04-29T21:13:42","date_gmt":"2025-04-29T19:13:42","guid":{"rendered":"https:\/\/denkinger-logistik.de\/test-runcircle\/"},"modified":"2025-04-29T21:26:21","modified_gmt":"2025-04-29T19:26:21","slug":"test-runcircle","status":"publish","type":"page","link":"https:\/\/denkinger-logistik.de\/en\/test-runcircle\/","title":{"rendered":"test run,circle"},"content":{"rendered":"\t\t<div data-elementor-type=\"wp-page\" data-elementor-id=\"12383\" class=\"elementor elementor-12383\" data-elementor-post-type=\"page\">\n\t\t\t\t\t\t<section class=\"ob-is-breaking-bad elementor-section elementor-top-section elementor-element elementor-element-16d7a0a elementor-section-boxed elementor-section-height-default elementor-section-height-default\" data-id=\"16d7a0a\" data-element_type=\"section\" data-settings=\"{&quot;_ob_bbad_use_it&quot;:&quot;yes&quot;,&quot;_ob_bbad_sssic_use&quot;:&quot;no&quot;,&quot;_ob_glider_is_slider&quot;:&quot;no&quot;}\">\n\t\t\t\t\t\t<div class=\"elementor-container elementor-column-gap-default\">\n\t\t\t\t\t<div class=\"elementor-column elementor-col-100 elementor-top-column elementor-element elementor-element-2e2e450\" data-id=\"2e2e450\" data-element_type=\"column\" data-settings=\"{&quot;_ob_bbad_is_stalker&quot;:&quot;no&quot;,&quot;_ob_teleporter_use&quot;:false,&quot;_ob_column_hoveranimator&quot;:&quot;no&quot;,&quot;_ob_column_has_pseudo&quot;:&quot;no&quot;}\">\n\t\t\t<div class=\"elementor-widget-wrap elementor-element-populated\">\n\t\t\t\t\t\t<div class=\"elementor-element elementor-element-8e2383e ob-has-background-overlay elementor-widget elementor-widget-html\" data-id=\"8e2383e\" data-element_type=\"widget\" data-settings=\"{&quot;_ob_perspektive_use&quot;:&quot;no&quot;,&quot;_ob_poopart_use&quot;:&quot;yes&quot;,&quot;_ob_shadough_use&quot;:&quot;no&quot;,&quot;_ob_allow_hoveranimator&quot;:&quot;no&quot;,&quot;_ob_widget_stalker_use&quot;:&quot;no&quot;}\" data-widget_type=\"html.default\">\n\t\t\t\t<div class=\"elementor-widget-container\">\n\t\t\t\t\t<!-- HTML-Code f\u00fcr das Widget --><div id=\"rotating-element\"><div id=\"stick\"><a data-delay=\"90000\" href=\"\/ihre-zielseite\/\" class=\"supertransition\"><div class=\"circles\" id=\"circles\"><div class=\"circle\"><\/div><div class=\"circle\"><\/div><div class=\"circle\"><\/div><div class=\"circle\"><div class=\"rotating\"><img decoding=\"async\" src=\"#\" height=\"200\" width=\"200\" class=\"img-responsive2\"><\/div><\/div><div class=\"circle\" id=\"circleraute\"><img decoding=\"async\" src=\"https:\/\/denkinger-logistik.de\/wp-content\/uploads\/2025\/04\/kreistext.svg\" height=\"37\" width=\"41\" class=\"img-responsive2\"><\/div><\/div><\/a><\/div><\/div><!-- CSS-Code f\u00fcr das Widget --><style>#stick {\n    position: relative;\n    width: 150px;\n    height: 150px;\n    margin: 0 auto;\n    transition: transform 0.3s ease;\n  }\n  \n  #stick:hover {\n    transform: scale(1.2);\n  }\n  \n  .circles {\n    position: relative;\n    width: 100%;\n    height: 100%;\n    animation: rotate 20s linear infinite;\n  }\n  \n  .circle {\n    position: absolute;\n    border-radius: 50%;\n    background-color: #B83A38; \/* Blauton - an Ihre Farbgebung anpassen *\/\n    box-shadow: 0 0 5px rgba(0, 0, 0, 0.2);\n  }\n  \n  .circle:nth-child(1) {\n    width: 150px;\n    height: 150px;\n    top: 0;\n    left: 0;\n    opacity: 0.2;\n  }\n  \n  .circle:nth-child(2) {\n    width: 120px;\n    height: 120px;\n    top: 15px;\n    left: 15px;\n    opacity: 0.4;\n  }\n  \n  .circle:nth-child(3) {\n    width: 90px;\n    height: 90px;\n    top: 30px;\n    left: 30px;\n    opacity: 0.6;\n  }\n  \n  .circle:nth-child(4) {\n    width: 60px;\n    height: 60px;\n    top: 45px;\n    left: 45px;\n    opacity: 0.8;\n    display: flex;\n    align-items: center;\n    justify-content: center;\n  }\n  \n  .rotating {\n    width: 100%;\n    height: 100%;\n    display: flex;\n    align-items: center;\n    justify-content: center;\n    animation: counter-rotate 20s linear infinite;\n  }\n  \n  #circleraute {\n    width: 150ppx;\n    height: 30px;\n    top: 60px;\n    left: 60px;\n    display: flex;\n    align-items: center;\n    justify-content: center;\n    opacity: 1;\n    background-color: transparent;\n  }\n  \n  .img-responsive2 {\n    max-width: 100%;\n    height: auto;\n  }\n  \n  .supertransition {\n    display: block;\n    width: 100%;\n    height: 100%;\n    text-decoration: none;\n  }\n  \n  @keyframes rotate {\n    from {\n      transform: rotate(0deg);\n    }\n    to {\n      transform: rotate(360deg);\n    }\n  }\n  \n  @keyframes counter-rotate {\n    from {\n      transform: rotate(0deg);\n    }\n    to {\n      transform: rotate(-360deg);\n    }\n  }\n<\/style><!-- JavaScript (optional) --><script>\/\/ Optional: Zus\u00e4tzliche JavaScript-Funktionalit\u00e4t \n  document.addEventListener('DOMContentLoaded', function() {\n    \/\/ Hier k\u00f6nnte zus\u00e4tzliche Funktionalit\u00e4t hinzugef\u00fcgt werden\n  });\n<\/script>\t\t\t\t<\/div>\n\t\t\t\t<\/div>\n\t\t\t\t\t<\/div>\n\t\t<\/div>\n\t\t\t\t\t<\/div>\n\t\t<\/section>\n\t\t\t\t<\/div>\n\t\t","protected":false},"excerpt":{"rendered":"","protected":false},"author":1,"featured_media":0,"parent":0,"menu_order":0,"comment_status":"closed","ping_status":"closed","template":"","meta":{"footnotes":""},"tags":[],"class_list":["post-12383","page","type-page","status-publish","hentry","wpbf-post"],"yoast_head":"<!-- This site is optimized with the Yoast SEO plugin v26.5 - https:\/\/yoast.com\/wordpress\/plugins\/seo\/ -->\n<title>test run,circle - Denkinger<\/title>\n<meta name=\"robots\" content=\"index, follow, max-snippet:-1, max-image-preview:large, max-video-preview:-1\" \/>\n<link rel=\"canonical\" href=\"https:\/\/denkinger-logistik.de\/en\/test-runcircle\/\" \/>\n<meta property=\"og:locale\" content=\"en_US\" \/>\n<meta property=\"og:type\" content=\"article\" \/>\n<meta property=\"og:title\" content=\"test run,circle - Denkinger\" \/>\n<meta property=\"og:url\" content=\"https:\/\/denkinger-logistik.de\/en\/test-runcircle\/\" \/>\n<meta property=\"og:site_name\" content=\"Denkinger\" \/>\n<meta property=\"article:modified_time\" content=\"2025-04-29T19:26:21+00:00\" \/>\n<meta property=\"og:image\" content=\"https:\/\/denkinger-logistik.de\/wp-content\/uploads\/2025\/04\/kreistext.svg\" \/>\n<meta name=\"twitter:card\" content=\"summary_large_image\" \/>\n<!-- \/ Yoast SEO plugin. -->","yoast_head_json":{"title":"test run,circle - Denkinger","robots":{"index":"index","follow":"follow","max-snippet":"max-snippet:-1","max-image-preview":"max-image-preview:large","max-video-preview":"max-video-preview:-1"},"canonical":"https:\/\/denkinger-logistik.de\/en\/test-runcircle\/","og_locale":"en_US","og_type":"article","og_title":"test run,circle - Denkinger","og_url":"https:\/\/denkinger-logistik.de\/en\/test-runcircle\/","og_site_name":"Denkinger","article_modified_time":"2025-04-29T19:26:21+00:00","og_image":[{"url":"https:\/\/denkinger-logistik.de\/wp-content\/uploads\/2025\/04\/kreistext.svg","type":"","width":"","height":""}],"twitter_card":"summary_large_image","schema":{"@context":"https:\/\/schema.org","@graph":[{"@type":"WebPage","@id":"https:\/\/denkinger-logistik.de\/en\/test-runcircle\/","url":"https:\/\/denkinger-logistik.de\/en\/test-runcircle\/","name":"test run,circle - Denkinger","isPartOf":{"@id":"https:\/\/denkinger-logistik.de\/#website"},"primaryImageOfPage":{"@id":"https:\/\/denkinger-logistik.de\/en\/test-runcircle\/#primaryimage"},"image":{"@id":"https:\/\/denkinger-logistik.de\/en\/test-runcircle\/#primaryimage"},"thumbnailUrl":"https:\/\/denkinger-logistik.de\/wp-content\/uploads\/2025\/04\/kreistext.svg","datePublished":"2025-04-29T19:13:42+00:00","dateModified":"2025-04-29T19:26:21+00:00","breadcrumb":{"@id":"https:\/\/denkinger-logistik.de\/en\/test-runcircle\/#breadcrumb"},"inLanguage":"en-US","potentialAction":[{"@type":"ReadAction","target":["https:\/\/denkinger-logistik.de\/en\/test-runcircle\/"]}]},{"@type":"ImageObject","inLanguage":"en-US","@id":"https:\/\/denkinger-logistik.de\/en\/test-runcircle\/#primaryimage","url":"https:\/\/denkinger-logistik.de\/wp-content\/uploads\/2025\/04\/kreistext.svg","contentUrl":"https:\/\/denkinger-logistik.de\/wp-content\/uploads\/2025\/04\/kreistext.svg"},{"@type":"BreadcrumbList","@id":"https:\/\/denkinger-logistik.de\/en\/test-runcircle\/#breadcrumb","itemListElement":[{"@type":"ListItem","position":1,"name":"Startseite","item":"https:\/\/denkinger-logistik.de\/en\/home\/"},{"@type":"ListItem","position":2,"name":"test run,circle"}]},{"@type":"WebSite","@id":"https:\/\/denkinger-logistik.de\/#website","url":"https:\/\/denkinger-logistik.de\/","name":"Denkinger","description":"Logistik, Transport und Digital","publisher":{"@id":"https:\/\/denkinger-logistik.de\/#organization"},"potentialAction":[{"@type":"SearchAction","target":{"@type":"EntryPoint","urlTemplate":"https:\/\/denkinger-logistik.de\/?s={search_term_string}"},"query-input":{"@type":"PropertyValueSpecification","valueRequired":true,"valueName":"search_term_string"}}],"inLanguage":"en-US"},{"@type":"Organization","@id":"https:\/\/denkinger-logistik.de\/#organization","name":"Denkinger","url":"https:\/\/denkinger-logistik.de\/","logo":{"@type":"ImageObject","inLanguage":"en-US","@id":"https:\/\/denkinger-logistik.de\/#\/schema\/logo\/image\/","url":"https:\/\/denkinger-logistik.de\/wp-content\/uploads\/2022\/12\/Logo-500.jpg","contentUrl":"https:\/\/denkinger-logistik.de\/wp-content\/uploads\/2022\/12\/Logo-500.jpg","width":500,"height":500,"caption":"Denkinger"},"image":{"@id":"https:\/\/denkinger-logistik.de\/#\/schema\/logo\/image\/"}}]}},"_links":{"self":[{"href":"https:\/\/denkinger-logistik.de\/en\/wp-json\/wp\/v2\/pages\/12383","targetHints":{"allow":["GET"]}}],"collection":[{"href":"https:\/\/denkinger-logistik.de\/en\/wp-json\/wp\/v2\/pages"}],"about":[{"href":"https:\/\/denkinger-logistik.de\/en\/wp-json\/wp\/v2\/types\/page"}],"author":[{"embeddable":true,"href":"https:\/\/denkinger-logistik.de\/en\/wp-json\/wp\/v2\/users\/1"}],"replies":[{"embeddable":true,"href":"https:\/\/denkinger-logistik.de\/en\/wp-json\/wp\/v2\/comments?post=12383"}],"version-history":[{"count":0,"href":"https:\/\/denkinger-logistik.de\/en\/wp-json\/wp\/v2\/pages\/12383\/revisions"}],"wp:attachment":[{"href":"https:\/\/denkinger-logistik.de\/en\/wp-json\/wp\/v2\/media?parent=12383"}],"wp:term":[{"taxonomy":"post_tag","embeddable":true,"href":"https:\/\/denkinger-logistik.de\/en\/wp-json\/wp\/v2\/tags?post=12383"}],"curies":[{"name":"wp","href":"https:\/\/api.w.org\/{rel}","templated":true}]}}